{"id":7937,"date":"2023-06-14T20:47:19","date_gmt":"2023-06-14T19:47:19","guid":{"rendered":"https:\/\/psychiatriefes.org\/cfmp\/?page_id=7937"},"modified":"2023-06-14T21:17:02","modified_gmt":"2023-06-14T20:17:02","slug":"visiter-fes","status":"publish","type":"page","link":"https:\/\/psychiatriefes.org\/cfmp\/visiter-fes\/","title":{"rendered":"Visiter F\u00e8s"},"content":{"rendered":"<p>[vc_row full_width=&#8221;stretch_row_content_no_spaces&#8221;][vc_column width=&#8221;1\/2&#8243; css=&#8221;.vc_custom_1522317894944{padding-top: 0px !important;}&#8221; offset=&#8221;vc_col-lg-6 vc_col-md-12&#8243;][vc_row_inner css=&#8221;.vc_custom_1686775842538{padding-top: 200px !important;padding-bottom: 100px !important;background-image: url(https:\/\/psychiatriefes.org\/cfmp\/wp-content\/uploads\/2023\/06\/medersa-attarine-fes.jpg?id=7939) !important;}&#8221;][vc_column_inner css=&#8221;.vc_custom_1511789291663{padding-top: 0px !important;padding-bottom: 0px !important;}&#8221;][vc_empty_space height=&#8221;300px&#8221;][\/vc_column_inner][\/vc_row_inner][\/vc_column][vc_column width=&#8221;1\/2&#8243; offset=&#8221;vc_col-lg-6 vc_col-md-12&#8243; css=&#8221;.vc_custom_1522317922459{padding-bottom: 50px !important;}&#8221;][vc_row_inner css=&#8221;.vc_custom_1556020272540{margin-bottom: 30px !important;padding-top: 110px !important;}&#8221;][vc_column_inner width=&#8221;1\/4&#8243; offset=&#8221;vc_hidden-md vc_hidden-sm vc_hidden-xs&#8221;][\/vc_column_inner][vc_column_inner width=&#8221;11\/12&#8243; offset=&#8221;vc_col-lg-offset-0 vc_col-lg-6 vc_col-md-offset-1 vc_col-sm-offset-0&#8243;]<header class=\"kd-section-title col-lg-12 text-center  kd-animated fadeIn   vc_custom_1686777380391\" data-animation-delay=200><h2 class=\"separator_off\" >QUE VOIR \u00c0 F\u00c8S ?<br \/>\nVISITER F\u00c8S EN 3 JOURS<\/h2><h6 class=\"subtitle \" >Les visites incontournables<\/h6><\/header>[\/vc_column_inner][\/vc_row_inner][\/vc_column][\/vc_row][vc_row full_width=&#8221;stretch_row&#8221; css=&#8221;.vc_custom_1555681184211{background-color: #f5f5f5 !important;}&#8221;][vc_column][vc_row_inner css=&#8221;.vc_custom_1536243977243{padding-top: 100px !important;}&#8221;][vc_column_inner width=&#8221;1\/6&#8243; offset=&#8221;vc_hidden-xs&#8221;][\/vc_column_inner][vc_column_inner width=&#8221;2\/3&#8243;][vc_column_text]<\/p>\n<h2>JOUR 1 : QUE VOIR \u00c0 F\u00c8S ? LA VISITE DE LA M\u00c9DINA<\/h2>\n<p>F\u00e8s est r\u00e9put\u00e9e pour sa tr\u00e9pidante m\u00e9dina. Alors autant commencer la visite de F\u00e8s par une journ\u00e9e compl\u00e8te dans la m\u00e9dina.\u00a0<strong>La m\u00e9dina de F\u00e8s est une ville dans la ville o\u00f9 vivent plus de 200 000 personnes et travaillent 55 000 artisans.<\/strong>\u00a0Elle a \u00e9t\u00e9 construite \u00e0 la fin du VIII\u00e8me si\u00e8cle et son \u00e9tat de conservation est tr\u00e8s impressionnant. La m\u00e9dina de F\u00e8s se parcourt uniquement \u00e0 pied. Les v\u00e9hicules motoris\u00e9es y sont interdits. On utilise des des \u00e2nes pour transporter les marchandises.<\/p>\n<p>&nbsp;<\/p>\n<div id=\"attachment_5275\" class=\"wp-caption aligncenter\">\n<figure id=\"attachment_7943\" aria-describedby=\"caption-attachment-7943\" style=\"width: 660px\" class=\"wp-caption aligncenter\"><img loading=\"lazy\" decoding=\"async\" class=\"size-full wp-image-7943\" src=\"https:\/\/psychiatriefes.org\/cfmp\/wp-content\/uploads\/2023\/06\/medersa-bou-inania-fes.jpg\" alt=\"\" width=\"660\" height=\"495\" srcset=\"https:\/\/psychiatriefes.org\/cfmp\/wp-content\/uploads\/2023\/06\/medersa-bou-inania-fes.jpg 660w, https:\/\/psychiatriefes.org\/cfmp\/wp-content\/uploads\/2023\/06\/medersa-bou-inania-fes-300x225.jpg 300w\" sizes=\"auto, (max-width: 660px) 100vw, 660px\" \/><figcaption id=\"caption-attachment-7943\" class=\"wp-caption-text\">La m\u00e9dersa Bou Inania et son minaret dans la m\u00e9dina de F\u00e8s<\/figcaption><\/figure>\n<\/div>\n<p>La visite de F\u00e8s d\u00e9bute par un lieu \u00e0 ne pas manquer dans la m\u00e9dina qui est<strong>\u00a0la m\u00e9dersa Bou Inania;<\/strong>\u00a0une ancienne \u00e9cole coranique \u00e9difi\u00e9e en 1355 qui a la particularit\u00e9 d\u2019\u00eatre pourvue d\u2019un minaret. En fait, la m\u00e9dersa\u00a0Bou Inania servait \u00e9galement de mosqu\u00e9e le vendredi. La m\u00e9dersa\u00a0Bou Inania se trouve au Nord de la m\u00e9dina pr\u00e8s de l\u2019entr\u00e9e Bab Boujloud et l\u2019entr\u00e9e co\u00fbte 10 MAD (0.9<span class=\"st\">\u20ac<\/span>).<\/p>\n<p>&nbsp;<\/p>\n<div id=\"attachment_5274\" class=\"wp-caption aligncenter\">\n<figure id=\"attachment_7939\" aria-describedby=\"caption-attachment-7939\" style=\"width: 660px\" class=\"wp-caption aligncenter\"><img loading=\"lazy\" decoding=\"async\" class=\"size-full wp-image-7939\" src=\"https:\/\/psychiatriefes.org\/cfmp\/wp-content\/uploads\/2023\/06\/medersa-attarine-fes.jpg\" alt=\"\" width=\"660\" height=\"495\" srcset=\"https:\/\/psychiatriefes.org\/cfmp\/wp-content\/uploads\/2023\/06\/medersa-attarine-fes.jpg 660w, https:\/\/psychiatriefes.org\/cfmp\/wp-content\/uploads\/2023\/06\/medersa-attarine-fes-300x225.jpg 300w\" sizes=\"auto, (max-width: 660px) 100vw, 660px\" \/><figcaption id=\"caption-attachment-7939\" class=\"wp-caption-text\">Les murs rev\u00eatus de mosa\u00efques et d&#8217;\u00e9critures de la m\u00e9dersa Attarine \u00e0 F\u00e8s<\/figcaption><\/figure>\n<\/div>\n<h3>TOUT D\u2019ABORD, LA M\u00c9DERSA ATTARINE<\/h3>\n<p>La visite de F\u00e8s se poursuit \u00e0 travers la m\u00e9dina dans une deuxi\u00e8me m\u00e9dersa : Attarine. Plus ancienne que la m\u00e9d\u00e9rsa Bou Inania, mais plus petite,\u00a0<strong>la m\u00e9dersa\u00a0Attarine est \u00e9galement tr\u00e8s bien entretenue.<\/strong>\u00a0Les murs rev\u00eatus de mosa\u00efques, d\u2019\u00e9critures et de pl\u00e2tre sculpt\u00e9 sont magnifiques. La m\u00e9dersa Attarine se trouve au c\u0153ur de la m\u00e9dina juste \u00e0 c\u00f4t\u00e9 de la\u00a0mosqu\u00e9e et universit\u00e9 Qaraouiyine. La m\u00e9dersa Attarine est ouverte au public tous les jours de 8h \u00e0 17h et son entr\u00e9e co\u00fbte 10 MAD (0.9<span class=\"st\">\u20ac<\/span>).<\/p>\n<p>&nbsp;<\/p>\n<div id=\"attachment_5277\" class=\"wp-caption aligncenter\">\n<figure id=\"attachment_7944\" aria-describedby=\"caption-attachment-7944\" style=\"width: 660px\" class=\"wp-caption aligncenter\"><img loading=\"lazy\" decoding=\"async\" class=\"size-full wp-image-7944\" src=\"https:\/\/psychiatriefes.org\/cfmp\/wp-content\/uploads\/2023\/06\/mosquee-universitee-Qaraouiyine-fes.jpg\" alt=\"\" width=\"660\" height=\"880\" srcset=\"https:\/\/psychiatriefes.org\/cfmp\/wp-content\/uploads\/2023\/06\/mosquee-universitee-Qaraouiyine-fes.jpg 660w, https:\/\/psychiatriefes.org\/cfmp\/wp-content\/uploads\/2023\/06\/mosquee-universitee-Qaraouiyine-fes-225x300.jpg 225w\" sizes=\"auto, (max-width: 660px) 100vw, 660px\" \/><figcaption id=\"caption-attachment-7944\" class=\"wp-caption-text\">La cour de la mosqu\u00e9e et universit\u00e9 Qaraouiyine dans la m\u00e9dina de F\u00e8s<\/figcaption><\/figure>\n<\/div>\n<p><strong>La mosqu\u00e9e et universit\u00e9 Qaraouiyine est le b\u00e2timent le plus important de la m\u00e9dina de F\u00e8s. C\u2019est un lieu de culte et d\u2019enseignement.<\/strong> Il s\u2019agit de la plus ancienne universit\u00e9 au monde, encore en activit\u00e9.<\/p>\n<p>&nbsp;<\/p>\n<div id=\"attachment_5276\" class=\"wp-caption aligncenter\">\n<figure id=\"attachment_7945\" aria-describedby=\"caption-attachment-7945\" style=\"width: 660px\" class=\"wp-caption aligncenter\"><img loading=\"lazy\" decoding=\"async\" class=\"size-full wp-image-7945\" src=\"https:\/\/psychiatriefes.org\/cfmp\/wp-content\/uploads\/2023\/06\/babouches-souk-medina-fes.jpg\" alt=\"\" width=\"660\" height=\"495\" srcset=\"https:\/\/psychiatriefes.org\/cfmp\/wp-content\/uploads\/2023\/06\/babouches-souk-medina-fes.jpg 660w, https:\/\/psychiatriefes.org\/cfmp\/wp-content\/uploads\/2023\/06\/babouches-souk-medina-fes-300x225.jpg 300w\" sizes=\"auto, (max-width: 660px) 100vw, 660px\" \/><figcaption id=\"caption-attachment-7945\" class=\"wp-caption-text\">Un mur de babouches dans les souks de la m\u00e9dina de F\u00e8s<\/figcaption><\/figure>\n<\/div>\n<p>Dans la m\u00e9dina, il y a \u00e9galement quelques mus\u00e9es dont le Mus\u00e9e Nejjarine d\u00e9di\u00e9 au bois, des hammams et bains publics et surtout de tr\u00e8s nombreux artisans en tout genre. Chaque m\u00e9tier \u00e0 son quartier ou son secteur, ainsi il y a un secteur pour la nourriture, pour les babouches, pour le bois, pour les poteries et m\u00eame pour l\u2019\u00e9lectronique.\u00a0<strong>Il est tr\u00e8s agr\u00e9able de se promener dans ces diff\u00e9rents secteurs pour d\u00e9couvrir l\u2019artisanat local et pour acheter des souvenirs typiques et authentiques.<\/strong><\/p>\n<p>&nbsp;<\/p>\n<div id=\"attachment_5273\" class=\"wp-caption aligncenter\"><\/div>\n<figure id=\"attachment_7948\" aria-describedby=\"caption-attachment-7948\" style=\"width: 660px\" class=\"wp-caption aligncenter\"><img loading=\"lazy\" decoding=\"async\" class=\"size-full wp-image-7948\" src=\"https:\/\/psychiatriefes.org\/cfmp\/wp-content\/uploads\/2023\/06\/travail-tannerie-chouara-medina-fes.jpg\" alt=\"\" width=\"660\" height=\"495\" srcset=\"https:\/\/psychiatriefes.org\/cfmp\/wp-content\/uploads\/2023\/06\/travail-tannerie-chouara-medina-fes.jpg 660w, https:\/\/psychiatriefes.org\/cfmp\/wp-content\/uploads\/2023\/06\/travail-tannerie-chouara-medina-fes-300x225.jpg 300w\" sizes=\"auto, (max-width: 660px) 100vw, 660px\" \/><figcaption id=\"caption-attachment-7948\" class=\"wp-caption-text\">Travail dans la tannerie Chouara dans la m\u00e9dina de F\u00e8s<\/figcaption><\/figure>\n<h3>PUIS, LA TANNERIE CHOUARA<\/h3>\n<p><strong>S\u2019il y a bien un lieu qu\u2019il ne faut pas manquer dans votre visite de la m\u00e9dina de F\u00e8s, c\u2019est la tannerie Chouara<\/strong>, la plus int\u00e9ressante des 3 tanneries de F\u00e8s et la plus ancienne (elle date du moyen \u00e2ge). Pour visiter la tannerie, il y a 2 choses \u00e0 faire : aller au c\u0153ur des bassins de tannage et prendre de la hauteur sur la tannerie.<\/p>\n<p>Pour aller au c\u0153ur de la tannerie, il est n\u00e9cessaire (bien que non obligatoire normalement) de payer un droit d\u2019entr\u00e9e \u00e0 un \u00ab\u00a0gardien\u00a0\u00bb afin de pouvoir circuler et prendre des photos dans la tannerie. Un bon prix est 10-15 MAD (0.9<span class=\"st\">\u20ac<\/span>).<\/p>\n<div id=\"attachment_5271\" class=\"wp-caption aligncenter\">\n<figure id=\"attachment_7946\" aria-describedby=\"caption-attachment-7946\" style=\"width: 660px\" class=\"wp-caption aligncenter\"><img loading=\"lazy\" decoding=\"async\" class=\"size-full wp-image-7946\" src=\"https:\/\/psychiatriefes.org\/cfmp\/wp-content\/uploads\/2023\/06\/tannerie-chouara-medina-fes.jpg\" alt=\"\" width=\"660\" height=\"495\" srcset=\"https:\/\/psychiatriefes.org\/cfmp\/wp-content\/uploads\/2023\/06\/tannerie-chouara-medina-fes.jpg 660w, https:\/\/psychiatriefes.org\/cfmp\/wp-content\/uploads\/2023\/06\/tannerie-chouara-medina-fes-300x225.jpg 300w\" sizes=\"auto, (max-width: 660px) 100vw, 660px\" \/><figcaption id=\"caption-attachment-7946\" class=\"wp-caption-text\">Vue panoramique sur la tannerie Chouara dans la m\u00e9dina de F\u00e8s<\/figcaption><\/figure>\n<\/div>\n<p>Depuis les diff\u00e9rentes terrasses donnant sur la tannerie, on se rend compte de la grandeur du lieu. Et on distingue ais\u00e9ment les diff\u00e9rents cycles du travail du cuir : lavage, teinture, s\u00e9chage. L\u00e0 encore pour monter sur les terrasses. <strong>La visite de la tannerie Chouara est un des\u00a0incontournables \u00e0\u00a0F\u00e8s\u00a0!<\/strong><\/p>\n<h2>JOUR 2 : QUE FAIRE \u00c0 F\u00c8S ? D\u00c9COUVRIR UNE VALEUR S\u00dbRE DE F\u00c8S : SES ARTISANS !<\/h2>\n<p>Pour commencer cette deuxi\u00e8me journ\u00e9e de visite de\u00a0 F\u00e8s, direction l\u2019un des quartiers les plus authentiques et les plus bruyants de la m\u00e9dina : le quartier des dinandiers.<\/p>\n<h3>D\u2019ABORD, LE QUARTIER DES DINANDIERS<\/h3>\n<p>Organis\u00e9 autour de la place Seffarine (\u00e0 2 pas de la tannerie Chouara), de nombreux artisans travaillent le\u00a0<span class=\"st\">cuivre, l\u2019\u00e9tain ou encore le fer-blanc<\/span>.\u00a0<strong>Les dinandiers et chaudronniers sont regroup\u00e9s autour de cette place et dans les rues adjacentes.<\/strong>\u00a0N\u2019h\u00e9sitez pas \u00e0 admirer le travail de ces artisans qui pour certains mart\u00e8lent d\u2019\u00e9normes chaudrons dans la rue.<\/p>\n<div id=\"attachment_5269\" class=\"wp-caption aligncenter\">\n<figure id=\"attachment_7947\" aria-describedby=\"caption-attachment-7947\" style=\"width: 660px\" class=\"wp-caption aligncenter\"><img loading=\"lazy\" decoding=\"async\" class=\"size-full wp-image-7947\" src=\"https:\/\/psychiatriefes.org\/cfmp\/wp-content\/uploads\/2023\/06\/poteries-bleu-fes.jpg\" alt=\"\" width=\"660\" height=\"495\" srcset=\"https:\/\/psychiatriefes.org\/cfmp\/wp-content\/uploads\/2023\/06\/poteries-bleu-fes.jpg 660w, https:\/\/psychiatriefes.org\/cfmp\/wp-content\/uploads\/2023\/06\/poteries-bleu-fes-300x225.jpg 300w\" sizes=\"auto, (max-width: 660px) 100vw, 660px\" \/><figcaption id=\"caption-attachment-7947\" class=\"wp-caption-text\">Des poteries marocaine bleues de F\u00e8s<\/figcaption><\/figure>\n<\/div>\n<p>En continuant \u00e0 descendre vers le Sud de la m\u00e9dina, se trouve le quartier des Potiers. Le souk des Potiers est l\u2019un des souks les plus actifs de la m\u00e9dina.\u00a0<strong>Les poteries de F\u00e8s sont r\u00e9put\u00e9es pour faire partie des plus belles c\u00e9ramiques du Maroc.<\/strong>\u00a0On les reconnait gr\u00e2ce \u00e0 leur bleu de F\u00e8s, un bleu particulier dont la recette est tenue secr\u00e8te. Les poteries faites \u00e0 la main sont un beau souvenir \u00e0 ramener de ce s\u00e9jour \u00e0 F\u00e8s.<\/p>\n<p><img loading=\"lazy\" decoding=\"async\" class=\"size-full wp-image-7949\" src=\"https:\/\/psychiatriefes.org\/cfmp\/wp-content\/uploads\/2023\/06\/palais-al-glaoui.jpg\" alt=\"\" width=\"660\" height=\"495\" srcset=\"https:\/\/psychiatriefes.org\/cfmp\/wp-content\/uploads\/2023\/06\/palais-al-glaoui.jpg 660w, https:\/\/psychiatriefes.org\/cfmp\/wp-content\/uploads\/2023\/06\/palais-al-glaoui-300x225.jpg 300w\" sizes=\"auto, (max-width: 660px) 100vw, 660px\" \/><\/p>\n<div id=\"attachment_5268\" class=\"wp-caption aligncenter\">Une des nombreuses pi\u00e8ces du palais al-Glaoui \u00e0 F\u00e8s<\/div>\n<h3>ENSUITE, LE PALAIS AL-GLAOUI<\/h3>\n<p><strong>Le palais al-Glaoui est une\u00a0<span class=\"st\">magnifique demeure construite au d\u00e9but du XIX si\u00e8cle ouverte au public (25 MAD \/ 2\u20ac).<\/span><\/strong> Le palais est r\u00e9parti en 17 maisons, il y a deux grands jardins, de nombreuses fontaines, un cimeti\u00e8re, deux hammams, un moulin \u00e0 huile et une \u00e9cole coranique.<\/p>\n<h2>JOUR 3 : QUE VISITER \u00c0 F\u00c8S ? SORTIR DE LA M\u00c9DINA<\/h2>\n<p>Pour ce dernier jour de visite de F\u00e8s, direction l\u2019ext\u00e9rieur de la m\u00e9dina avec le palais royal, le quartier juif, les tombeaux M\u00e9rinides, le jardin\u00a0Jnane sbil et la partie moderne de F\u00e8s.<\/p>\n<div id=\"attachment_5266\" class=\"wp-caption aligncenter\">\n<figure id=\"attachment_7950\" aria-describedby=\"caption-attachment-7950\" style=\"width: 660px\" class=\"wp-caption aligncenter\"><img loading=\"lazy\" decoding=\"async\" class=\"size-full wp-image-7950\" src=\"https:\/\/psychiatriefes.org\/cfmp\/wp-content\/uploads\/2023\/06\/palais-royal-Fes.jpg\" alt=\"\" width=\"660\" height=\"495\" srcset=\"https:\/\/psychiatriefes.org\/cfmp\/wp-content\/uploads\/2023\/06\/palais-royal-Fes.jpg 660w, https:\/\/psychiatriefes.org\/cfmp\/wp-content\/uploads\/2023\/06\/palais-royal-Fes-300x225.jpg 300w\" sizes=\"auto, (max-width: 660px) 100vw, 660px\" \/><figcaption id=\"caption-attachment-7950\" class=\"wp-caption-text\">L&#8217;entr\u00e9e du palais royal de F\u00e8s<\/figcaption><\/figure>\n<\/div>\n<h3>LE PALAIS ROYAL DE F\u00c8S<\/h3>\n<p><strong>Le palais royal de F\u00e8s (Dar el Makhzen) est l\u2019un des symboles de la ville et m\u00eame du Maroc.<\/strong>\u00a0Il a d\u2019ailleurs \u00e9t\u00e9 \u00e0 la une du Lonely Planet Maroc 2014 c\u2019est pour dire ;).\u00a0A l\u2019int\u00e9rieur du palais royal,\u00a0se trouvent des palais, des places d\u2019armes, une mosqu\u00e9e, une m\u00e9dersa et des\u00a0<span id=\"482359\" class=\"marqueur_module\">jardins<\/span>. Le palais royal est situ\u00e9 sur la place des Alaouites \u00e0 15-20 minutes de marche de la m\u00e9dina dans le quartier\u00a0<span id=\"482359\" class=\"marqueur_module\">el Jedid<\/span>.<\/p>\n<p>Juste \u00e0 c\u00f4t\u00e9 du palais royal, vous visiterez l\u2019ancien quartier juif (Mellah) qui abrite la Synagogue Ibn Danan, de nombreux magasins et des maisons \u00e0 l\u2019architecture particuli\u00e8re.\u00a0<strong>Ce quartier assez peu touristique, permet de d\u00e9couvrir une tr\u00e8s belle architecture, diff\u00e9rente du reste des quartiers de la ville.<\/strong>\u00a0Le cimeti\u00e8re juif (hors du quartier juif) m\u00e9rite \u00e9galement un coup d\u2019\u0153il pour ses tombes \u00e9clatantes de blancheur (entr\u00e9e 10 MAD \/ 0.89\u20ac).<\/p>\n<div id=\"attachment_5267\" class=\"wp-caption aligncenter\">\n<figure id=\"attachment_7951\" aria-describedby=\"caption-attachment-7951\" style=\"width: 660px\" class=\"wp-caption aligncenter\"><img loading=\"lazy\" decoding=\"async\" class=\"size-full wp-image-7951\" src=\"https:\/\/psychiatriefes.org\/cfmp\/wp-content\/uploads\/2023\/06\/tombeaux-Merinides-fes.jpg\" alt=\"\" width=\"660\" height=\"495\" srcset=\"https:\/\/psychiatriefes.org\/cfmp\/wp-content\/uploads\/2023\/06\/tombeaux-Merinides-fes.jpg 660w, https:\/\/psychiatriefes.org\/cfmp\/wp-content\/uploads\/2023\/06\/tombeaux-Merinides-fes-300x225.jpg 300w\" sizes=\"auto, (max-width: 660px) 100vw, 660px\" \/><figcaption id=\"caption-attachment-7951\" class=\"wp-caption-text\">Les vestiges des tombeaux M\u00e9rinides \u00e0 F\u00e8s<\/figcaption><\/figure>\n<\/div>\n<h3>PUIS, LES TOMBEAUX M\u00c9RINIDES<\/h3>\n<p>Prenons ensuite de la hauteur sur la ville, en rejoignant en taxi les tombeaux M\u00e9rinides.\u00a0<strong>Les tombeaux M\u00e9rinides ont \u00e9t\u00e9 construits au XIV\u00e8me si\u00e8cle et ont depuis \u00e9t\u00e9 pas mal ab\u00eem\u00e9s.<\/strong> Ils sont situ\u00e9s sur une colline au nord de la m\u00e9dina qui surplombe F\u00e8s. Depuis les tombeaux M\u00e9rinides, la vue sur quasiment toute la ville est superbe. Le dimanche, les habitants aiment y venir pour faire du sport, jouer ou encore se reposer.<\/p>\n<p>&nbsp;<\/p>\n<div id=\"attachment_5265\" class=\"wp-caption aligncenter\">\n<figure id=\"attachment_7952\" aria-describedby=\"caption-attachment-7952\" style=\"width: 660px\" class=\"wp-caption aligncenter\"><img loading=\"lazy\" decoding=\"async\" class=\"size-full wp-image-7952\" src=\"https:\/\/psychiatriefes.org\/cfmp\/wp-content\/uploads\/2023\/06\/jardin-Jnane-sbil-fes.jpg\" alt=\"\" width=\"660\" height=\"495\" srcset=\"https:\/\/psychiatriefes.org\/cfmp\/wp-content\/uploads\/2023\/06\/jardin-Jnane-sbil-fes.jpg 660w, https:\/\/psychiatriefes.org\/cfmp\/wp-content\/uploads\/2023\/06\/jardin-Jnane-sbil-fes-300x225.jpg 300w\" sizes=\"auto, (max-width: 660px) 100vw, 660px\" \/><figcaption id=\"caption-attachment-7952\" class=\"wp-caption-text\">Le jardin Jnane sbil \u00e0 F\u00e8s<\/figcaption><\/figure>\n<\/div>\n<p>A deux pas de la porte Nord de la m\u00e9dina (Bab Boujloud), entrez dans l\u2019un des jardins publics les plus beaux de la ville : le jardin Jnane sbil. Cet espace vert est le plus ancien jardin public de la ville.\u00a0<strong>Il est tr\u00e8s agr\u00e9able de se balader dans le jardin\u00a0Jnane sbil surtout autour du lac et des fontaines.<\/strong><\/p>\n<p>[\/vc_column_text][vc_empty_space height=&#8221;15px&#8221;][\/vc_column_inner][vc_column_inner width=&#8221;1\/6&#8243; offset=&#8221;vc_hidden-xs&#8221;][\/vc_column_inner][\/vc_row_inner][\/vc_column][\/vc_row]<\/p>\n","protected":false},"excerpt":{"rendered":"<p>[vc_row full_width=&#8221;stretch_row_content_no_spaces&#8221;][vc_column width=&#8221;1\/2&#8243; css=&#8221;.vc_custom_1522317894944{padding-top: 0px !important;}&#8221; offset=&#8221;vc_col-lg-6 vc_col-md-12&#8243;][vc_row_inner css=&#8221;.vc_custom_1686775842538{padding-top: 200px !important;padding-bottom: 100px !important;background-image: url(https:\/\/psychiatriefes.org\/cfmp\/wp-content\/uploads\/2023\/06\/medersa-attarine-fes.jpg?id=7939) !important;}&#8221;][vc_column_inner css=&#8221;.vc_custom_1511789291663{padding-top: 0px !important;padding-bottom: 0px !important;}&#8221;][vc_empty_space [&hellip;]<\/p>\n","protected":false},"author":1,"featured_media":7939,"parent":0,"menu_order":0,"comment_status":"closed","ping_status":"closed","template":"","meta":{"footnotes":""},"class_list":["post-7937","page","type-page","status-publish","has-post-thumbnail","hentry"],"_links":{"self":[{"href":"https:\/\/psychiatriefes.org\/cfmp\/wp-json\/wp\/v2\/pages\/7937","targetHints":{"allow":["GET"]}}],"collection":[{"href":"https:\/\/psychiatriefes.org\/cfmp\/wp-json\/wp\/v2\/pages"}],"about":[{"href":"https:\/\/psychiatriefes.org\/cfmp\/wp-json\/wp\/v2\/types\/page"}],"author":[{"embeddable":true,"href":"https:\/\/psychiatriefes.org\/cfmp\/wp-json\/wp\/v2\/users\/1"}],"replies":[{"embeddable":true,"href":"https:\/\/psychiatriefes.org\/cfmp\/wp-json\/wp\/v2\/comments?post=7937"}],"version-history":[{"count":7,"href":"https:\/\/psychiatriefes.org\/cfmp\/wp-json\/wp\/v2\/pages\/7937\/revisions"}],"predecessor-version":[{"id":7955,"href":"https:\/\/psychiatriefes.org\/cfmp\/wp-json\/wp\/v2\/pages\/7937\/revisions\/7955"}],"wp:featuredmedia":[{"embeddable":true,"href":"https:\/\/psychiatriefes.org\/cfmp\/wp-json\/wp\/v2\/media\/7939"}],"wp:attachment":[{"href":"https:\/\/psychiatriefes.org\/cfmp\/wp-json\/wp\/v2\/media?parent=7937"}],"curies":[{"name":"wp","href":"https:\/\/api.w.org\/{rel}","templated":true}]}}